{"id":119,"date":"2017-05-17T21:25:49","date_gmt":"2017-05-17T19:25:49","guid":{"rendered":"http:\/\/tv-jahn-handball.de\/?page_id=119"},"modified":"2025-08-05T18:40:08","modified_gmt":"2025-08-05T16:40:08","slug":"abteilung","status":"publish","type":"page","link":"https:\/\/tv-jahn-handball.de\/?page_id=119","title":{"rendered":"Abteilung"},"content":{"rendered":"<h3>Abteilungsleiter<\/h3>\n<p><span style=\"font-size: revert; color: initial;\">Tim Wohlang<\/span><\/p>\n<p><a href=\"mailto:tim.wohlang@web.de\">tim.wohlang(at)web.de<\/a><\/p>\n<h3>Stellv. Abteilungsleiter<\/h3>\n<p><span style=\"font-size: revert; color: initial;\">Holger Landauer<\/span><\/p>\n<p><a href=\"mailto:holger.landauer@web.de\">holger.landauer(at)web.de<\/a><\/p>\n<h3>Jugendleiter<\/h3>\n<p>Fridolin Richter<\/p>\n<p><a href=\"mailto:tvjahngp-jugend@web.de\">tvjahngp-jugend(at)web.de<\/a><\/p>\n<h3><\/h3>\n<h3>TV Jahn G\u00f6ppingen 1900 e. V. Gesch\u00e4ftstelle<\/h3>\n<p>Hohenstaufenstr. 135<br \/>\n73033 G\u00f6ppingen<\/p>\n","protected":false},"excerpt":{"rendered":"<p>Abteilungsleiter Tim Wohlang tim.wohlang(at)web.de Stellv. Abteilungsleiter Holger Landauer holger.landauer(at)web.de Jugendleiter Fridolin Richter tvjahngp-jugend(at)web.de TV Jahn G\u00f6ppingen 1900 e. V. Gesch\u00e4ftstelle Hohenstaufenstr. 135 73033 G\u00f6ppingen<\/p>\n","protected":false},"author":1,"featured_media":0,"parent":0,"menu_order":0,"comment_status":"closed","ping_status":"closed","template":"","meta":{"ngg_post_thumbnail":0,"footnotes":""},"class_list":["post-119","page","type-page","status-publish","hentry"],"_links":{"self":[{"href":"https:\/\/tv-jahn-handball.de\/index.php?rest_route=\/wp\/v2\/pages\/119"}],"collection":[{"href":"https:\/\/tv-jahn-handball.de\/index.php?rest_route=\/wp\/v2\/pages"}],"about":[{"href":"https:\/\/tv-jahn-handball.de\/index.php?rest_route=\/wp\/v2\/types\/page"}],"author":[{"embeddable":true,"href":"https:\/\/tv-jahn-handball.de\/index.php?rest_route=\/wp\/v2\/users\/1"}],"replies":[{"embeddable":true,"href":"https:\/\/tv-jahn-handball.de\/index.php?rest_route=%2Fwp%2Fv2%2Fcomments&post=119"}],"version-history":[{"count":9,"href":"https:\/\/tv-jahn-handball.de\/index.php?rest_route=\/wp\/v2\/pages\/119\/revisions"}],"predecessor-version":[{"id":40643,"href":"https:\/\/tv-jahn-handball.de\/index.php?rest_route=\/wp\/v2\/pages\/119\/revisions\/40643"}],"wp:attachment":[{"href":"https:\/\/tv-jahn-handball.de\/index.php?rest_route=%2Fwp%2Fv2%2Fmedia&parent=119"}],"curies":[{"name":"wp","href":"https:\/\/api.w.org\/{rel}","templated":true}]}}